{"id":81,"date":"2021-11-08T17:03:42","date_gmt":"2021-11-08T16:03:42","guid":{"rendered":"http:\/\/fundacja-barnaba.pl\/?page_id=81"},"modified":"2021-12-02T15:54:11","modified_gmt":"2021-12-02T14:54:11","slug":"one-page-express","status":"publish","type":"page","link":"https:\/\/fundacja-barnaba.pl\/","title":{"rendered":"Front Page"},"content":{"rendered":"<div  id=\"overlapable-2\" style=\"background-color: #ffffff;\" data-label=\"Overlapable\" data-id=\"stripped-coloured-icon-boxes\" data-category=\"overlapable\" class=\"features-coloured-icon-boxes-section\" data-overlap=\"true\">\n<div  class=\"gridContainer\">\n<div  class=\"features-coloured-icon-boxes-innerrow flexbox-list dark-text\" data-type=\"row\">\n<div  class=\"features-coloured-icon-boxes-featurecol cp3cols\">\n<div  class=\"features-coloured-icon-boxes-iconcontainer\" data-content-item-container=\"true\"> <i  data-cp-fa=\"true\" class=\"features-coloured-icon fa fa-balance-scale\"><\/i><\/div>\n<h4  class=\"\">Nieodp\u0142atne poradnictwo obywatelskie<\/h4>\n<p  class=\"\">Oferujemy nieodp\u0142atne poradnictwo obywatelskie obejmuj\u0105ce porady dla os\u00f3b zad\u0142u\u017conych (w tym w zakresie upad\u0142o\u015bci konsumenckiej), os\u00f3b pokrzywdzonych przez r\u00f3\u017cne podmioty i osoby, a tak\u017ce porady z zakresu spraw mieszkaniowych i innych. <\/p>\n <a class=\"features-coloured-button\" href=\"http:\/\/fundacja-barnaba.pl?page_id=111\" target=\"_self\" rel=\"noopener\">Czytaj wi\u0119cej<\/a>\n\n<\/div>\n<div  class=\"features-coloured-icon-boxes-featurecol cp3cols\">\n<div  class=\"features-coloured-icon-boxes-iconcontainer\" data-content-item-container=\"true\"> <i  data-cp-fa=\"true\" class=\"features-coloured-icon fa fa-child\"><\/i><\/div>\n<h4  class=\"\">Zaj\u0119cia z dzie\u0107mi<\/h4>\n<p  class=\"\">W naszym zespole mamy do\u015bwiadczone osoby do zaj\u0119\u0107 z dzie\u0107mi. S\u0142u\u017cymy najm\u0142odszym r\u00f3\u017cnymi warsztatami zaj\u0119ciowymi, pomoc\u0105 psychologiczn\u0105, wsparciem w nauce i w innych aspektach pomocy dla dzieci i nastolatk\u00f3w. <\/p>\n <a class=\"features-coloured-button\" href=\"#\" target=\"_self\" rel=\"noopener\">Czytaj wi\u0119cej<\/a>\n\n<\/div>\n<div  class=\"features-coloured-icon-boxes-featurecol cp3cols\">\n<div  class=\"features-coloured-icon-boxes-iconcontainer\" data-content-item-container=\"true\"> <i  data-cp-fa=\"true\" class=\"features-coloured-icon fa fa-blind\"><\/i><\/div>\n<h4  class=\"\">Wsparcie os\u00f3b potrzebuj\u0105cych<\/h4>\n<p  class=\"\">Pomagamy osob\u0105 potrzebuj\u0105cym pomocy bytowej, egzysentcjalnej. Jest to r\u00f3wnie\u017c pomoc dla os\u00f3b kt\u00f3re nie mog\u0105 bad\u017a nie umiej\u0105 zorganizowa\u0107 sobie spraw \u017cycia codziennego.<\/p>\n <a class=\"features-coloured-button\" href=\"#\" target=\"_self\" rel=\"noopener\">Czytaj wi\u0119cej<\/a>\n\n<\/div>\n<div  class=\"features-coloured-icon-boxes-featurecol cp3cols\">\n<div  class=\"features-coloured-icon-boxes-iconcontainer\" data-content-item-container=\"true\"> <i  data-cp-fa=\"true\" class=\"features-coloured-icon fa fa-coffee\"><\/i><\/div>\n<h4  class=\"\">Dobre rozmowy<\/h4>\n<p  class=\"\">Ka\u017cdy potrzebuje czasem wsparcia od innych os\u00f3b. Je\u015bli jeste\u015b w trudnym po\u0142o\u017ceniu i nie wiesz gdzie szuka\u0107 pomoc, porozmawiaj z nami. Zatroszczymy si\u0119 o w\u0142a\u015bciwie rozwi\u0105zanie Twojego problemu. <\/p>\n <a class=\"features-coloured-button\" href=\"#\" target=\"_self\" rel=\"noopener\">Czytaj wi\u0119cej<\/a>\n\n<\/div>\n<\/div>\n<\/div>\n<\/div><div  id=\"content-3\" style=\"background-color: #ffffff;\" data-label=\"Content\" data-id=\"content-image-left\" data-category=\"content\" class=\"content-left-image-section\">\n<div  class=\"gridContainer\">\n<div  class=\"row\">\n<div  class=\"content-left-image-imgcol\" data-type=\"column\"> <img decoding=\"async\"  src=\"http:\/\/fundacja-barnaba.pl\/wp-content\/gfx\/niebo-serce.jpg\" class=\"\" alt=\"\"><\/div>\n<div  class=\"content-left-image-textcol dynamic-color\" data-type=\"column\">\n<p  class=\"large_text\">Cieszymy si\u0119, \u017ce znalaz\u0142e\u015b si\u0119 na naszej stronie ! Jeste\u015bmy fundacj\u0105 dobroczynn\u0105 maj\u0105c\u0105 na celu szeroko poj\u0119t\u0105 form\u0119 pomocy spo\u0142ecznej. Jako osoby ewangelicznie wierz\u0105ce jeste\u015bmy motywowani przes\u0142aniem Ewangelii aby poprzez nasz\u0105 fundacj\u0119 nie\u015b\u0107 praktyczn\u0105 pomoc drugiemu cz\u0142owiekowi. Jeste\u015bmy zgranym zespo\u0142em ludzi o r\u00f3\u017cnorodnych predyspozycjach kt\u00f3re pragniemy wykorzysta\u0107 w naszej dzia\u0142alno\u015bci.<\/p>\n\n<\/div>\n<\/div>\n<\/div>\n<\/div><div  id=\"latest-posts\" style=\"background-color: #ffffff;\" data-label=\"Latest posts\" data-id=\"blog-section\" data-category=\"latest_news\" class=\"blog-section\">\n<div  class=\"gridContainer\">\n<div  class=\"blog-textrow\">\n<div  class=\"blog-textcol dynamic-color\" data-type=\"column\">\n<h2  class=\"\">Aktualno\u015bci<\/h2>\n\n\n<\/div>\n<\/div>\n<div  class=\"blog-postsrow dark-text\" data-type=\"row\" data-dynamic-columns=\"one_page_express_latest_news_columns\" data-content-shortcode=\"one_page_express_latest_news\">            <div id=\"post-1\" class=\"blog-postcol cp4cols\">\r\n            <div class=\"post-content\">\r\n                                <div class=\"row_345\">\r\n                    <h3 class=\"blog-title\">\r\n                        <a href=\"https:\/\/fundacja-barnaba.pl\/?p=1\" rel=\"bookmark\">\r\n                            Witaj, \u015bwiecie!                        <\/a>\r\n                    <\/h3>\r\n                    <p>Witamy w WordPressie. To jest tw\u00f3j pierwszy wpis. Edytuj go lub usu\u0144, a nast\u0119pnie zacznij pisa\u0107!<\/p>\n                    <a class=\"button blue small\" href=\"https:\/\/fundacja-barnaba.pl\/?p=1\">\r\n                        <span data-theme=\"one_page_express_latest_news_read_more\">Read more<\/span>\r\n                    <\/a>\r\n                    <hr class=\"blog-separator\">\n<div class=\"post-header\">\n    <i class=\"font-icon-post fa fa-user\"><\/i>\n    <a href=\"https:\/\/fundacja-barnaba.pl\/?author=1\" title=\"Wpisy od admin\" rel=\"author\">admin<\/a>    <i class=\"font-icon-post fa fa-calendar\"><\/i>\n    <span class=\"span12\">8 listopada 2021<\/span>\n\n    <i class=\"font-icon-post fa fa-comment-o\"><\/i>\n    <span>1<\/span>\n<\/div>                <\/div>\r\n            <\/div>\r\n        <\/div>\r\n        <\/div>\n<div  class=\"blog-textcol\"> <a  class=\"button blue\" data-attr-shortcode=\"href:one_page_express_blog_link\" href=\"https:\/\/fundacja-barnaba.pl\/?post_type=post\">Zobacz pozosta\u0142e aktualno\u015bci<\/a><\/div>\n<\/div>\n<\/div><div  id=\"contact-4\" data-label=\"Contact\" data-id=\"contact-section\" data-category=\"contact\" data-bg=\"transparent\" class=\"contact-section-formsection white-text\">\n<div  class=\"gridContainer\">\n<div  class=\"row_224\">\n<div  class=\"contact-textrow\">\n<div  class=\"contact-textcol dynamic-color\">\n<h2  class=\"\">Napisz do nas<\/h2>\n<p  class=\"white_text\">Je\u015bli masz tak\u0105 potrzeb\u0119, mo\u017cesz do nas napisa\u0107 przez poni\u017cszy formularz kontatkowy:<\/p>\n\n<\/div>\n<\/div>\n<\/div>\n<div  class=\"contact-formcol\" data-content-shortcode=\"one_page_express_contact_form\" data-editable=\"true\"><p style=\"text-align:center;color:#ababab\">Contact form will be displayed here. To activate it you have to click this area and set the shortcode parameter in Customizer.<\/p><\/div>\n<\/div>\n<\/div>","protected":false},"excerpt":{"rendered":"<p>Nieodp\u0142atne poradnictwo obywatelskie Oferujemy nieodp\u0142atne poradnictwo obywatelskie obejmuj\u0105ce porady dla os\u00f3b zad\u0142u\u017conych (w tym w zakresie upad\u0142o\u015bci konsumenckiej), os\u00f3b pokrzywdzonych przez r\u00f3\u017cne podmioty i osoby, a tak\u017ce porady z zakresu spraw mieszkaniowych i innych. Czytaj wi\u0119cej Zaj\u0119cia z dzie\u0107mi W naszym zespole mamy do\u015bwiadczone osoby do zaj\u0119\u0107 z dzie\u0107mi. S\u0142u\u017cymy najm\u0142odszym r\u00f3\u017cnymi warsztatami zaj\u0119ciowymi, pomoc\u0105&hellip; <br \/> <a class=\"button small blue\" href=\"https:\/\/fundacja-barnaba.pl\/?p=1\">Czytaj dalej<\/a><\/p>\n","protected":false},"author":1,"featured_media":0,"parent":0,"menu_order":0,"comment_status":"closed","ping_status":"closed","template":"","meta":{"footnotes":""},"class_list":["post-81","page","type-page","status-publish","hentry"],"_links":{"self":[{"href":"https:\/\/fundacja-barnaba.pl\/index.php?rest_route=\/wp\/v2\/pages\/81","targetHints":{"allow":["GET"]}}],"collection":[{"href":"https:\/\/fundacja-barnaba.pl\/index.php?rest_route=\/wp\/v2\/pages"}],"about":[{"href":"https:\/\/fundacja-barnaba.pl\/index.php?rest_route=\/wp\/v2\/types\/page"}],"author":[{"embeddable":true,"href":"https:\/\/fundacja-barnaba.pl\/index.php?rest_route=\/wp\/v2\/users\/1"}],"replies":[{"embeddable":true,"href":"https:\/\/fundacja-barnaba.pl\/index.php?rest_route=%2Fwp%2Fv2%2Fcomments&post=81"}],"version-history":[{"count":11,"href":"https:\/\/fundacja-barnaba.pl\/index.php?rest_route=\/wp\/v2\/pages\/81\/revisions"}],"predecessor-version":[{"id":122,"href":"https:\/\/fundacja-barnaba.pl\/index.php?rest_route=\/wp\/v2\/pages\/81\/revisions\/122"}],"wp:attachment":[{"href":"https:\/\/fundacja-barnaba.pl\/index.php?rest_route=%2Fwp%2Fv2%2Fmedia&parent=81"}],"curies":[{"name":"wp","href":"https:\/\/api.w.org\/{rel}","templated":true}]}}