{"id":11,"date":"2021-11-08T16:30:24","date_gmt":"2021-11-08T15:30:24","guid":{"rendered":"http:\/\/fundacja-barnaba.pl\/?page_id=11"},"modified":"2021-12-02T15:54:56","modified_gmt":"2021-12-02T14:54:56","slug":"nasza-dzialalnosc","status":"publish","type":"page","link":"https:\/\/fundacja-barnaba.pl\/?page_id=11","title":{"rendered":"Nasza dzia\u0142alno\u015b\u0107"},"content":{"rendered":"<div id=\"overlapable-2\" class=\"features-coloured-icon-boxes-section\" style=\"background-color: #ffffff;\" data-label=\"Overlapable\" data-id=\"stripped-coloured-icon-boxes\" data-category=\"overlapable\" data-overlap=\"true\">\n<div class=\"gridContainer\">\n<div class=\"features-coloured-icon-boxes-innerrow flexbox-list dark-text\" data-type=\"row\">\n<div class=\"features-coloured-icon-boxes-featurecol cp3cols\">\n<div class=\"features-coloured-icon-boxes-iconcontainer\" data-content-item-container=\"true\"><\/div>\n<h4 class=\"\">Nieodp\u0142atne poradnictwo obywatelskie<\/h4>\n<p class=\"\">Oferujemy nieodp\u0142atne poradnictwo obywatelskie obejmuj\u0105ce porady dla os\u00f3b zad\u0142u\u017conych (w tym w zakresie procedury upad\u0142o\u015bci konsumenckiej), os\u00f3b pokrzywdzonych przez r\u00f3\u017cne podmioty i osoby, a tak\u017ce porady z zakresu spraw mieszkaniowych i innych.<\/p>\n<p><a class=\"features-coloured-button\" href=\"#\" target=\"_self\" rel=\"noopener\">Czytaj wi\u0119cej<\/a><\/p>\n<\/div>\n<div class=\"features-coloured-icon-boxes-featurecol cp3cols\">\n<div class=\"features-coloured-icon-boxes-iconcontainer\" data-content-item-container=\"true\"><\/div>\n<h4 class=\"\">Zaj\u0119cia z dzie\u0107mi<\/h4>\n<p class=\"\">W naszym zespole mamy do\u015bwiadczone osoby do zaj\u0119\u0107 z dzie\u0107mi. S\u0142u\u017cymy najm\u0142odszym r\u00f3\u017cnymi warsztatami zaj\u0119ciowymi, pomoc\u0105 psychologiczn\u0105, wsparciem w nauce i w innych aspektach pomocy dla dzieci i nastolatk\u00f3w.<\/p>\n<p><a class=\"features-coloured-button\" href=\"#\" target=\"_self\" rel=\"noopener\">Czytaj wi\u0119cej<\/a><\/p>\n<\/div>\n<div class=\"features-coloured-icon-boxes-featurecol cp3cols\">\n<div class=\"features-coloured-icon-boxes-iconcontainer\" data-content-item-container=\"true\"><\/div>\n<h4 class=\"\">Wsparcie os\u00f3b potrzebuj\u0105cych<\/h4>\n<p class=\"\">Pomagamy osob\u0105 potrzebuj\u0105cym pomocy bytowej, egzysentcjalnej. Jest to r\u00f3wnie\u017c pomoc dla os\u00f3b kt\u00f3re nie mog\u0105 bad\u017a nie umiej\u0105 zorganizowa\u0107 sobie spraw \u017cycia codziennego.<\/p>\n<p><a class=\"features-coloured-button\" href=\"#\" target=\"_self\" rel=\"noopener\">Czytaj wi\u0119cej<\/a><\/p>\n<\/div>\n<div class=\"features-coloured-icon-boxes-featurecol cp3cols\">\n<div class=\"features-coloured-icon-boxes-iconcontainer\" data-content-item-container=\"true\"><\/div>\n<h4 class=\"\">Dobre rozmowy<\/h4>\n<p class=\"\">Ka\u017cdy potrzebuje czasem wsparcia od innych os\u00f3b. Je\u015bli jeste\u015b w trudnym po\u0142o\u017ceniu i nie wiesz gdzie szuka\u0107 pomoc, porozmawiaj z nami. Zatroszczymy si\u0119 o w\u0142a\u015bciwie rozwi\u0105zanie Twojego problemu.<\/p>\n<p><a class=\"features-coloured-button\" href=\"#\" target=\"_self\" rel=\"noopener\">Czytaj wi\u0119cej<\/a><\/p>\n<\/div>\n<\/div>\n<\/div>\n<\/div>\n<h2 class=\"\">Wiele mo\u017cliwo\u015bci pomocy<\/h2>\n<div id=\"content-3\" class=\"content-left-image-section\" style=\"background-color: #ffffff;\" data-label=\"Content\" data-id=\"content-image-left\" data-category=\"content\">\n<div class=\"gridContainer\">\n<div class=\"row\">\n<p class=\"large_text\">Cieszymy si\u0119, \u017ce znalaz\u0142e\u015b si\u0119 na naszej stronie ! Jeste\u015bmy fundacj\u0105 dobroczynn\u0105 maj\u0105c\u0105 na celu szeroko poj\u0119t\u0105 form\u0119 pomocy spo\u0142ecznej. Jako osoby ewangelicznie wierz\u0105ce jeste\u015bmy motywowani przes\u0142aniem Ewangelii aby poprzez nasz\u0105 fundacj\u0119 nie\u015b\u0107 praktyczn\u0105 pomoc drugiemu cz\u0142owiekowi. Jeste\u015bmy zgranym zespo\u0142em ludzi o r\u00f3\u017cnorodnych predyspozycjach kt\u00f3re pragniemy wykorzysta\u0107 w naszej dzia\u0142alno\u015bci.<\/p>\n<\/div>\n<\/div>\n<\/div>\n","protected":false},"excerpt":{"rendered":"<p>Nieodp\u0142atne poradnictwo obywatelskie Oferujemy nieodp\u0142atne poradnictwo obywatelskie obejmuj\u0105ce porady dla os\u00f3b zad\u0142u\u017conych (w tym w zakresie procedury upad\u0142o\u015bci konsumenckiej), os\u00f3b pokrzywdzonych przez r\u00f3\u017cne podmioty i osoby, a tak\u017ce porady z zakresu spraw mieszkaniowych i innych. Czytaj wi\u0119cej Zaj\u0119cia z dzie\u0107mi W naszym zespole mamy do\u015bwiadczone osoby do zaj\u0119\u0107 z dzie\u0107mi. S\u0142u\u017cymy najm\u0142odszym r\u00f3\u017cnymi warsztatami zaj\u0119ciowymi,&hellip; <br \/> <a class=\"button small blue\" href=\"https:\/\/fundacja-barnaba.pl\/?page_id=11\">Czytaj dalej<\/a><\/p>\n","protected":false},"author":1,"featured_media":0,"parent":0,"menu_order":0,"comment_status":"closed","ping_status":"closed","template":"brizy-blank-template.php","meta":{"footnotes":""},"class_list":["post-11","page","type-page","status-publish","hentry"],"_links":{"self":[{"href":"https:\/\/fundacja-barnaba.pl\/index.php?rest_route=\/wp\/v2\/pages\/11","targetHints":{"allow":["GET"]}}],"collection":[{"href":"https:\/\/fundacja-barnaba.pl\/index.php?rest_route=\/wp\/v2\/pages"}],"about":[{"href":"https:\/\/fundacja-barnaba.pl\/index.php?rest_route=\/wp\/v2\/types\/page"}],"author":[{"embeddable":true,"href":"https:\/\/fundacja-barnaba.pl\/index.php?rest_route=\/wp\/v2\/users\/1"}],"replies":[{"embeddable":true,"href":"https:\/\/fundacja-barnaba.pl\/index.php?rest_route=%2Fwp%2Fv2%2Fcomments&post=11"}],"version-history":[{"count":7,"href":"https:\/\/fundacja-barnaba.pl\/index.php?rest_route=\/wp\/v2\/pages\/11\/revisions"}],"predecessor-version":[{"id":123,"href":"https:\/\/fundacja-barnaba.pl\/index.php?rest_route=\/wp\/v2\/pages\/11\/revisions\/123"}],"wp:attachment":[{"href":"https:\/\/fundacja-barnaba.pl\/index.php?rest_route=%2Fwp%2Fv2%2Fmedia&parent=11"}],"curies":[{"name":"wp","href":"https:\/\/api.w.org\/{rel}","templated":true}]}}